{"id":216,"date":"2012-09-01T22:17:30","date_gmt":"2012-09-02T06:17:30","guid":{"rendered":"https:\/\/www.retrode.com\/?page_id=216"},"modified":"2025-03-09T18:27:38","modified_gmt":"2025-03-10T02:27:38","slug":"plug-in-adapters","status":"publish","type":"page","link":"https:\/\/www.retrode.com\/de\/plug-in-adapter\/","title":{"rendered":"Plug-in-Adapter"},"content":{"rendered":"<p>Die Retrode unterst\u00fctzt von Hause aus die beiden bedeutendsten 16-Bit-Systeme, n\u00e4mlich das SNES und das Sega Mega Drive. Mittels spezieller Plug-in-Adapter kannst du auch andere Typen von Spielmodulen und Controllern anschlie\u00dfen. Danke der Hilfe von Nutzern auf der ganzen Welt ist heute eine Vielzahl verschiedener Modulsysteme \u00fcber solche Plug-ins unterst\u00fctzt. Die meisten solchen Adapter gibt es nicht zu kaufen, weil die Steckverbinder nicht mehr erh\u00e4ltlich sind. Bastler, die ein bestimmtes Plug-in bauen wollen, k\u00f6nnen die Stecker aus kaputten Konsolen ausl\u00f6ten und die Schaltpl\u00e4ne auf <a href=\"http:\/\/www.retrode.org\/plug-in-adapters\/\">unserer Community-Website (in Englisch)<\/a> finden.<\/p>\n<p>F\u00fcr drei wichtige Modultypen konnten wir aber passende Steckverbinder auftreiben: N64, Master System, und die Game Boys. Alle Plug-ins werden in passenden Geh\u00e4usen geliefert und lassen sich ausschlie\u00dflich mit der Retrode verwenden.<\/p>\n<div style=\"clear: both; float: right; margin: 10px;\">\n<figure id=\"attachment_242\" aria-describedby=\"caption-attachment-242\" style=\"width: 300px\" class=\"wp-caption alignnone\"><a href=\"https:\/\/www.retrode.com\/wp-content\/uploads\/2012\/09\/n64-oldnew.jpg\"><img loading=\"lazy\" decoding=\"async\" class=\"size-medium wp-image-242\" title=\"\" src=\"https:\/\/www.retrode.com\/wp-content\/uploads\/2012\/09\/n64-oldnew-300x146.jpg\" alt=\"\" width=\"300\" height=\"146\" srcset=\"https:\/\/www.retrode.com\/wp-content\/uploads\/2012\/09\/n64-oldnew-300x146.jpg 300w, https:\/\/www.retrode.com\/wp-content\/uploads\/2012\/09\/n64-oldnew-1024x499.jpg 1024w, https:\/\/www.retrode.com\/wp-content\/uploads\/2012\/09\/n64-oldnew-150x73.jpg 150w, https:\/\/www.retrode.com\/wp-content\/uploads\/2012\/09\/n64-oldnew-400x195.jpg 400w, https:\/\/www.retrode.com\/wp-content\/uploads\/2012\/09\/n64-oldnew.jpg 1600w\" sizes=\"auto, (max-width: 300px) 100vw, 300px\" \/><\/a><figcaption id=\"caption-attachment-242\" class=\"wp-caption-text\">Links: Prototype des N64-Plug-in (Februar 2012). Rechts: N64-Plug-in Platine (Juli 2012)<\/figcaption><\/figure>\n<\/div>\n<h3>N64 Plug-in<\/h3>\n<p>Dieser Plug-in-Adapter bietet Unterst\u00fctzung f\u00fcr N64-Module und bis zu zwei Spielcontroller. Controller m\u00fcssen angeschlossen sein, bevor die USB-Verbindung hergestellt wird.<\/p>\n<table>\n<tbody>\n<tr>\n<th>Feature<\/th>\n<th>N64<\/th>\n<\/tr>\n<tr>\n<td>Spannung<\/td>\n<td>3.3V<\/td>\n<\/tr>\n<tr>\n<td>ROM (Spiel)<\/td>\n<td style=\"color: #0c0;\">Unterst\u00fctzt<\/td>\n<\/tr>\n<tr>\n<td>SRAM (Speicherst\u00e4nde)<\/td>\n<td style=\"color: #c80;\">Derzeit nicht unterst\u00fctzt <sup>1<\/sup><\/td>\n<\/tr>\n<tr>\n<td>Flash\/EEPROM (Speicherst\u00e4nde)<\/td>\n<td style=\"color: #c80;\">Derzeit nicht unterst\u00fctzt <sup>1<\/sup><\/td>\n<\/tr>\n<tr>\n<td>Modulwechsel<\/td>\n<td style=\"color: #0c0;\">Automatisch erkannt<\/td>\n<\/tr>\n<tr>\n<td>Titel als Dateiname<\/td>\n<td style=\"color: #0c0;\">Ja<\/td>\n<\/tr>\n<tr>\n<td>Gr\u00f6\u00dfe<\/td>\n<td style=\"color: #0c0;\">Heuristisch <sup>2<\/sup><\/td>\n<\/tr>\n<tr>\n<td>Controller<\/td>\n<td style=\"color: #0c0;\">Bis zu 2 Controller<\/td>\n<\/tr>\n<\/tbody>\n<\/table>\n<div style=\"clear: both; float: right; margin: 10px;\">\n<figure id=\"attachment_242\" aria-describedby=\"caption-attachment-242\" style=\"width: 300px\" class=\"wp-caption alignnone\"><a href=\"https:\/\/www.retrode.com\/wp-content\/uploads\/2012\/09\/gbx-oldnew.jpg\"><img loading=\"lazy\" decoding=\"async\" class=\"size-medium wp-image-242\" title=\"\" src=\"https:\/\/www.retrode.com\/wp-content\/uploads\/2012\/09\/gbx-oldnew-300x146.jpg\" alt=\"\" width=\"300\" height=\"146\" \/><\/a><figcaption id=\"caption-attachment-242\" class=\"wp-caption-text\">Links: Prototyp des GB\/GBC\/GBA Plug-in-Adapters (Februar 2012). Rechts: Leiterplatte (aktueller Prototyp, Juli 2012). Der Taster dient der automatischen Erkennung, wenn ein Modul eingesteckt wird. Die Serienversion hat einen Taster auf jeder Seite des Slots.<\/figcaption><\/figure>\n<\/div>\n<h3>GBx Plug-in<\/h3>\n<p>Dieser Adapter unterst\u00fctzt Game Boy-Module aller Generationen (Classic, Color, Advance).<\/p>\n<table>\n<tbody>\n<tr>\n<th>Feature<\/th>\n<th>GB, GBC<\/th>\n<th>GBA<\/th>\n<\/tr>\n<tr>\n<td>Spannung<\/td>\n<td>5V<\/td>\n<td>3.3V<\/td>\n<\/tr>\n<tr>\n<td>ROM (Spiel)<\/td>\n<td style=\"color: #0c0;\">Unterst\u00fctzt<\/td>\n<td style=\"color: #0c0;\">Unterst\u00fctzt<\/td>\n<\/tr>\n<tr>\n<td>SRAM (Speicherst\u00e4nde)<\/td>\n<td style=\"color: #0c0;\">Unterst\u00fctzt<\/td>\n<td style=\"color: #c80;\">Derzeit nicht unterst\u00fctzt <sup>1<\/sup><\/td>\n<\/tr>\n<tr>\n<td>Flash\/EEPROM (Speicherst\u00e4nde)<\/td>\n<td style=\"color: #888;\">Nicht verf\u00fcgbar<\/td>\n<td style=\"color: #c80;\">Derzeit nicht unterst\u00fctzt <sup>1<\/sup><\/td>\n<\/tr>\n<tr>\n<td>Modulwechsel<\/td>\n<td style=\"color: #c80;\" colspan=\"2\">Manueller Reset<\/td>\n<\/tr>\n<tr>\n<td>Titel als Dateiname<\/td>\n<td style=\"color: #0c0;\" colspan=\"2\">Ja<\/td>\n<\/tr>\n<tr>\n<td>Gr\u00f6\u00dfe<\/td>\n<td style=\"color: #0c0;\">Aus Header<\/td>\n<td style=\"color: #0c0;\">Heuristisch <sup>2<\/sup><\/td>\n<\/tr>\n<tr>\n<td>Controller<\/td>\n<td style=\"color: #888;\" colspan=\"2\">Nicht verf\u00fcgbar<\/td>\n<\/tr>\n<\/tbody>\n<\/table>\n<div style=\"clear: both; float: right; margin: 10px;\">\n<figure id=\"attachment_242\" aria-describedby=\"caption-attachment-242\" style=\"width: 300px\" class=\"wp-caption alignnone\"><a href=\"https:\/\/www.retrode.com\/wp-content\/uploads\/2012\/09\/sms-oldnew.jpg\"><img loading=\"lazy\" decoding=\"async\" class=\"size-medium wp-image-242\" title=\"\" src=\"https:\/\/www.retrode.com\/wp-content\/uploads\/2012\/09\/sms-oldnew-300x146.jpg\" alt=\"\" width=\"300\" height=\"146\" \/><\/a><figcaption id=\"caption-attachment-242\" class=\"wp-caption-text\">Links: Prototyp des SMS Plug-in-Adapters (Februar 2012). Rechts: Leiterplatte (aktueller Prototyp, Juli 2012).<\/figcaption><\/figure>\n<\/div>\n<h3>SMSPlug-in<\/h3>\n<p>Dieser Adapter unterst\u00fctzt Spiele f\u00fcrs Sega Master System.<\/p>\n<table>\n<tbody>\n<tr>\n<th>Feature<\/th>\n<th>SMS<\/th>\n<\/tr>\n<tr>\n<td>Spannung<\/td>\n<td>5V<\/td>\n<\/tr>\n<tr>\n<td>ROM (Spiel)<\/td>\n<td style=\"color: #0c0;\">Unterst\u00fctzt<\/td>\n<\/tr>\n<tr>\n<td>SRAM (Speicherst\u00e4nde)<\/td>\n<td style=\"color: #c80;\">Derzeit nicht unterst\u00fctzt <sup>1<\/sup><\/td>\n<\/tr>\n<tr>\n<td>Modulwechsel<\/td>\n<td style=\"color: #0c0;\">Automatisch erkannt<\/td>\n<\/tr>\n<tr>\n<td>Titel als Dateiname<\/td>\n<td style=\"color: #c40;\">Modul enth\u00e4lt keinen Titel<\/td>\n<\/tr>\n<tr>\n<td>Gr\u00f6\u00dfe<\/td>\n<td style=\"color: #0c0;\">Aus Header<\/td>\n<\/tr>\n<tr>\n<td>Controller<\/td>\n<td style=\"color: #0c0;\">Direkt an Retrode<\/td>\n<\/tr>\n<\/tbody>\n<\/table>\n<h4>Erkl\u00e4rungen<\/h4>\n<p><sup>1<\/sup> <strong>&#8222;Derzeit nicht unterst\u00fctzt&#8220;<\/strong>: Das Hardware-Design l\u00e4sst dieses Feature prinzipiell zu; ein zuk\u00fcnftiges Firmware-Update kann es ggf. freischalten (was wir aber nicht garantieren k\u00f6nnen).<br \/><sup>2<\/sup> <strong>&#8222;Heuristisch&#8220;<\/strong>: Das Spielmodul enth\u00e4lt keine Information \u00fcber die Gr\u00f6\u00dfe des ROMs. Die Retrode versucht, diese anhand verschiedener charakteristischer Merkmale automatisch zu erkennen.<\/p>\n<h4>Noch Fragen?<\/h4>\n<p><a href=\"http:\/\/forum.retrode.org\/index.php\/topic,7.0.html\" target=\"_blank\" rel=\"noopener\">Immer her damit!<\/a><!--:--><\/p>\n","protected":false},"excerpt":{"rendered":"<p>Die Retrode unterst\u00fctzt von Hause aus die beiden bedeutendsten 16-Bit-Systeme, n\u00e4mlich das SNES und das Sega Mega Drive. Mittels spezieller [&hellip;]<\/p>\n","protected":false},"author":1,"featured_media":0,"parent":0,"menu_order":1,"comment_status":"closed","ping_status":"closed","template":"","meta":{"site-sidebar-layout":"default","site-content-layout":"","ast-site-content-layout":"","site-content-style":"default","site-sidebar-style":"default","ast-global-header-display":"","ast-banner-title-visibility":"","ast-main-header-display":"","ast-hfb-above-header-display":"","ast-hfb-below-header-display":"","ast-hfb-mobile-header-display":"","site-post-title":"","ast-breadcrumbs-content":"","ast-featured-img":"","footer-sml-layout":"","theme-transparent-header-meta":"","adv-header-id-meta":"","stick-header-meta":"","header-above-stick-meta":"","header-main-stick-meta":"","header-below-stick-meta":"","astra-migrate-meta-layouts":"default","ast-page-background-enabled":"default","ast-page-background-meta":{"desktop":{"background-color":"var(--ast-global-color-5)","background-image":"","background-repeat":"repeat","background-position":"center center","background-size":"auto","background-attachment":"scroll","background-type":"","background-media":"","overlay-type":"","overlay-color":"","overlay-opacity":"","overlay-gradient":""},"tablet":{"background-color":"","background-image":"","background-repeat":"repeat","background-position":"center center","background-size":"auto","background-attachment":"scroll","background-type":"","background-media":"","overlay-type":"","overlay-color":"","overlay-opacity":"","overlay-gradient":""},"mobile":{"background-color":"","background-image":"","background-repeat":"repeat","background-position":"center center","background-size":"auto","background-attachment":"scroll","background-type":"","background-media":"","overlay-type":"","overlay-color":"","overlay-opacity":"","overlay-gradient":""}},"ast-content-background-meta":{"desktop":{"background-color":"var(--ast-global-color-4)","background-image":"","background-repeat":"repeat","background-position":"center center","background-size":"auto","background-attachment":"scroll","background-type":"","background-media":"","overlay-type":"","overlay-color":"","overlay-opacity":"","overlay-gradient":""},"tablet":{"background-color":"var(--ast-global-color-4)","background-image":"","background-repeat":"repeat","background-position":"center center","background-size":"auto","background-attachment":"scroll","background-type":"","background-media":"","overlay-type":"","overlay-color":"","overlay-opacity":"","overlay-gradient":""},"mobile":{"background-color":"var(--ast-global-color-4)","background-image":"","background-repeat":"repeat","background-position":"center center","background-size":"auto","background-attachment":"scroll","background-type":"","background-media":"","overlay-type":"","overlay-color":"","overlay-opacity":"","overlay-gradient":""}},"footnotes":""},"class_list":["post-216","page","type-page","status-publish","hentry"],"_links":{"self":[{"href":"https:\/\/www.retrode.com\/de\/wp-json\/wp\/v2\/pages\/216","targetHints":{"allow":["GET"]}}],"collection":[{"href":"https:\/\/www.retrode.com\/de\/wp-json\/wp\/v2\/pages"}],"about":[{"href":"https:\/\/www.retrode.com\/de\/wp-json\/wp\/v2\/types\/page"}],"author":[{"embeddable":true,"href":"https:\/\/www.retrode.com\/de\/wp-json\/wp\/v2\/users\/1"}],"replies":[{"embeddable":true,"href":"https:\/\/www.retrode.com\/de\/wp-json\/wp\/v2\/comments?post=216"}],"version-history":[{"count":60,"href":"https:\/\/www.retrode.com\/de\/wp-json\/wp\/v2\/pages\/216\/revisions"}],"predecessor-version":[{"id":322,"href":"https:\/\/www.retrode.com\/de\/wp-json\/wp\/v2\/pages\/216\/revisions\/322"}],"wp:attachment":[{"href":"https:\/\/www.retrode.com\/de\/wp-json\/wp\/v2\/media?parent=216"}],"curies":[{"name":"wp","href":"https:\/\/api.w.org\/{rel}","templated":true}]}}