{"id":49,"date":"2011-10-31T01:36:15","date_gmt":"2011-10-31T01:36:15","guid":{"rendered":"http:\/\/proto.retrode.com\/?page_id=49"},"modified":"2025-03-09T18:27:34","modified_gmt":"2025-03-10T02:27:34","slug":"welcome","status":"publish","type":"page","link":"https:\/\/www.retrode.com\/de\/willkommen\/","title":{"rendered":"\u00dcber die Retrode2"},"content":{"rendered":"<h3 style=\"float:left\">Der ultimative Retrospiele-Adapter<\/h3>\n<div class=\"wp-caption alignright\" style=\"width: 310px; height: 300px; margin-top: 0px; vertical-align: bottom;\"><a href=\"\/media\/Retrode2-productShots\/1280px\/Retrode2-carts2-matted.png\"><img loading=\"lazy\" decoding=\"async\" style=\"position: relative; left: 0px; top: -00px; background-color: transparent;\" title=\"Retrode 2\" src=\"\/media\/Retrode2-productShots\/300px\/Retrode2-carts2-matted.png\" alt=\"\" width=\"300\" height=\"297\" \/><\/a><\/div>\n<div style=\"clear:left\"><\/div>\n<p><b>Re\u00b7tro\u00b7de, die<\/b> [re\u02c8tro\u02d0d\u0259]. Kofferwort aus lat. <em>retro- (zur\u00fcckgewandt)<\/em>, altgr. \u03b7\u03bb\u03b5\u03ba\u03c4\u03c1\u03cc\u03bd <em>elektron (Bernstein)<\/em> und \u1f41\u03b4\u03cc\u03c2 <em>hod\u00f3s (Weg)<\/em>. Vgl. \u2192retro-, \u2192Elektrode. Die Retrode ist ein technisches Hilfsmittel, das der Herstellung einer elektrischen Verbindung zu Objekten und Gef\u00fchlszust\u00e4nden vergangener Zeiten dient.<\/p>\n<p>Oder anders gesagt: Die Retrode ist der ultimative USB-Adapter f\u00fcr Videospiele. Beam dich in die gute alte 16-Bit-Zeit zur\u00fcck auf deinem Computer\/Smartphone\/usw., und genie\u00dfe das authentische Spielerlebnis mit deinen Original-Spielmodulen und Controllern.<\/p>\n<h3>Features:<\/h3>\n<ul>\n<li>2 Steckpl\u00e4tze f\u00fcr Sega Mega Drive* und Super Nintendo Entertainment System* Module. Einfacher Zugriff auf ROM (Programmcode) und SRAM<sup>1<\/sup> (Spielst\u00e4nde)!\n<\/li>\n<li>2+2 ports f\u00fcr Sega* and SNES* Controller: Multiplayer-Spa\u00df f\u00fcr bis zu 4 Spieler pro Retrode!<\/li>\n<li>\nEchtes Plug-and-Play! Funktioniert ohne spezielle Treiber unter jedem Betriebssystem mit jedem Emulator.<\/li>\n<li>\nEinfach zu verwenden, konfigurieren und updaten.<\/li>\n<li>\nErweiterbar mit Plug-in-Adaptern.<\/li>\n<li>\nAbmessungen und Gewicht: 162mm x 80mm x 42mm, 220g<\/li>\n<li>\nEinschlie\u00dflich USB-Kabel und Bedienungsanleitung. UVP: EUR 65 \/ USD 85.<\/li>\n<li>\nBestell deine Retrode <a href=\"http:\/\/www.dragonbox.de\">bei unseren Freunden von DragonBox.<\/a><\/li>\n<\/ul>\n<p>* Diese Produktbezeichnungen\/Marken anderer Hersteller werden nur verwendet, um auf bestimmte Produkte zu verweisen. Wir stehen mit den jeweiligen Inhabern nicht in Verbindung.<br \/>\n<sup>1<\/sup> SRAM-Unterst\u00fctzung f\u00fcr Mega Drive derzeit in Entwicklung (Beta-Phase).<\/p>\n<h3>So funktioniert&#8217;s:<\/h3>\n<ol>\n<li><strong>Emulator finden und installieren.<\/strong> (Wenn du zum ersten Mal das Wort &#8222;Emulator&#8220; h\u00f6rst, schau dir mal die  <a href=\"http:\/\/www.emulator-zone.com\/\">zahlreichen<\/a>  <a href=\"http:\/\/www.zophar.net\/\">Portale<\/a> <a href=\"http:\/\/www.emutalk.net\">zum Thema<\/a> <a href=\"http:\/\/www.gp32x.com\/board\/\">Emulation<\/a> an.)<\/li>\n<li><strong>Spielmodule und -Controller an Retrode anschlie\u00dfen.<\/strong> Selbstverst\u00e4ndlich kannst du auch nur eins von beidem verwenden.<\/li>\n<li><strong>Retrode an den Computer stecken.<\/strong> Du ben\u00f6tigst keine speziellen Treiber.<\/li>\n<li><strong>Los geht&#8217;s!<\/strong> Lade die ROM-Datei von der Retrode in den Emulator und ab geht die Post.<\/li>\n<\/ol>\n<h3>Fotos:<\/h3>\n<p><a href=\"\/media\/Retrode2-productShots\/1280px\/Retrode2-iso2.jpg\"><img decoding=\"async\" class=\"alignnone size-thumbnail\" src=\"\/media\/Retrode2-productShots\/150px-square\/Retrode2-iso2.jpg\"><\/a><a href=\"\/media\/Retrode2-productShots\/1280px\/Retrode2-open.jpg\"><img decoding=\"async\" class=\"alignnone size-thumbnail\" src=\"\/media\/Retrode2-productShots\/150px-square\/Retrode2-open.jpg\"><\/a><a href=\"\/media\/Retrode2-productShots\/1280px\/Retrode2-carts.jpg\"><img decoding=\"async\" class=\"alignnone size-thumbnail\" src=\"\/media\/Retrode2-productShots\/150px-square\/Retrode2-carts.jpg\"><\/a><a href=\"\/media\/Retrode2-productShots\/1280px\/Retrode2-cartsControllers2.jpg\"><img decoding=\"async\" class=\"alignnone size-thumbnail\" src=\"\/media\/Retrode2-productShots\/150px-square\/Retrode2-cartsControllers2.jpg\"><\/a><a href=\"\/media\/Retrode2-productShots\/1280px\/Retrode2-bottom.jpg\"><img decoding=\"async\" class=\"alignnone size-thumbnail\" src=\"\/media\/Retrode2-productShots\/150px-square\/Retrode2-bottom.jpg\"><\/a><a href=\"\/media\/Retrode2-productShots\/1280px\/Retrode2-top.jpg\"><img decoding=\"async\" class=\"alignnone size-thumbnail\" src=\"\/media\/Retrode2-productShots\/150px-square\/Retrode2-top.jpg\"><\/a><\/p>\n","protected":false},"excerpt":{"rendered":"<p>Der ultimative Retrospiele-Adapter Re\u00b7tro\u00b7de, die [re\u02c8tro\u02d0d\u0259]. Kofferwort aus lat. retro- (zur\u00fcckgewandt), altgr. \u03b7\u03bb\u03b5\u03ba\u03c4\u03c1\u03cc\u03bd elektron (Bernstein) und \u1f41\u03b4\u03cc\u03c2 hod\u00f3s (Weg). Vgl. [&hellip;]<\/p>\n","protected":false},"author":1,"featured_media":0,"parent":0,"menu_order":1,"comment_status":"closed","ping_status":"closed","template":"","meta":{"site-sidebar-layout":"default","site-content-layout":"","ast-site-content-layout":"","site-content-style":"default","site-sidebar-style":"default","ast-global-header-display":"","ast-banner-title-visibility":"","ast-main-header-display":"","ast-hfb-above-header-display":"","ast-hfb-below-header-display":"","ast-hfb-mobile-header-display":"","site-post-title":"","ast-breadcrumbs-content":"","ast-featured-img":"","footer-sml-layout":"","theme-transparent-header-meta":"","adv-header-id-meta":"","stick-header-meta":"","header-above-stick-meta":"","header-main-stick-meta":"","header-below-stick-meta":"","astra-migrate-meta-layouts":"default","ast-page-background-enabled":"default","ast-page-background-meta":{"desktop":{"background-color":"var(--ast-global-color-5)","background-image":"","background-repeat":"repeat","background-position":"center center","background-size":"auto","background-attachment":"scroll","background-type":"","background-media":"","overlay-type":"","overlay-color":"","overlay-opacity":"","overlay-gradient":""},"tablet":{"background-color":"","background-image":"","background-repeat":"repeat","background-position":"center center","background-size":"auto","background-attachment":"scroll","background-type":"","background-media":"","overlay-type":"","overlay-color":"","overlay-opacity":"","overlay-gradient":""},"mobile":{"background-color":"","background-image":"","background-repeat":"repeat","background-position":"center center","background-size":"auto","background-attachment":"scroll","background-type":"","background-media":"","overlay-type":"","overlay-color":"","overlay-opacity":"","overlay-gradient":""}},"ast-content-background-meta":{"desktop":{"background-color":"var(--ast-global-color-4)","background-image":"","background-repeat":"repeat","background-position":"center center","background-size":"auto","background-attachment":"scroll","background-type":"","background-media":"","overlay-type":"","overlay-color":"","overlay-opacity":"","overlay-gradient":""},"tablet":{"background-color":"var(--ast-global-color-4)","background-image":"","background-repeat":"repeat","background-position":"center center","background-size":"auto","background-attachment":"scroll","background-type":"","background-media":"","overlay-type":"","overlay-color":"","overlay-opacity":"","overlay-gradient":""},"mobile":{"background-color":"var(--ast-global-color-4)","background-image":"","background-repeat":"repeat","background-position":"center center","background-size":"auto","background-attachment":"scroll","background-type":"","background-media":"","overlay-type":"","overlay-color":"","overlay-opacity":"","overlay-gradient":""}},"footnotes":""},"class_list":["post-49","page","type-page","status-publish","hentry"],"_links":{"self":[{"href":"https:\/\/www.retrode.com\/de\/wp-json\/wp\/v2\/pages\/49","targetHints":{"allow":["GET"]}}],"collection":[{"href":"https:\/\/www.retrode.com\/de\/wp-json\/wp\/v2\/pages"}],"about":[{"href":"https:\/\/www.retrode.com\/de\/wp-json\/wp\/v2\/types\/page"}],"author":[{"embeddable":true,"href":"https:\/\/www.retrode.com\/de\/wp-json\/wp\/v2\/users\/1"}],"replies":[{"embeddable":true,"href":"https:\/\/www.retrode.com\/de\/wp-json\/wp\/v2\/comments?post=49"}],"version-history":[{"count":52,"href":"https:\/\/www.retrode.com\/de\/wp-json\/wp\/v2\/pages\/49\/revisions"}],"predecessor-version":[{"id":330,"href":"https:\/\/www.retrode.com\/de\/wp-json\/wp\/v2\/pages\/49\/revisions\/330"}],"wp:attachment":[{"href":"https:\/\/www.retrode.com\/de\/wp-json\/wp\/v2\/media?parent=49"}],"curies":[{"name":"wp","href":"https:\/\/api.w.org\/{rel}","templated":true}]}}