{"id":56,"date":"2011-10-31T15:47:14","date_gmt":"2011-10-31T15:47:14","guid":{"rendered":"http:\/\/proto.retrode.com\/?page_id=56"},"modified":"2025-03-09T18:27:42","modified_gmt":"2025-03-10T02:27:42","slug":"faq","status":"publish","type":"page","link":"https:\/\/www.retrode.com\/de\/faq\/","title":{"rendered":"FAQ"},"content":{"rendered":"<h3>Allgemeine Fragen<\/h3>\n<ul>\n<li><a href=\"#whatis\">Was ist die Retrode?<\/a><\/li>\n<li><a href=\"#emu\">Ist das nicht dasselbe wie ein Emulator?<\/a><\/li>\n<li><a href=\"#rom\">Kann ich mit der Retrode die ROMs auf meinen Spielmodulen austauschen?<\/a><\/li>\n<li><a href=\"#piracy\">Kann ich mit der Retrode ROMs auslesen und im Internet verteilen?<\/a><\/li>\n<li><a href=\"#whywant\">Warum will ich eine Retrode?<\/a><\/li>\n<\/ul>\n<h3>Technisches<\/h3>\n<ul>\n<li><a href=\"#reqs\">Was sind die Systemvoraussetzungen?<\/a><\/li>\n<li><a href=\"#clean\">Warum all das Putzen?<\/a><\/li>\n<li><a href=\"#accessories\">Unterst\u00fctzt die Retrode spezielle Zubeh\u00f6rartikel (Super Game Boy, 32X, Multitap-Adapter, Lichtpistolen, usw.)?<\/a><\/li>\n<li><a href=\"#extraChips\">Wie sieht es mit Spielen mit besonderen Chips aus (Super-FX, DSPx, usw.)?<\/a><\/li>\n<\/ul>\n<h3>General questions<\/h3>\n<p \/><a name=\"whatis\"><\/a><br \/>\n<strong>Was ist die Retrode?<\/strong><\/p>\n<p \/>\nDie Retrode ist ein USB-Interface f\u00fcr deine Videospiel-Steckmodule und -Controller. Mit einer Retrode kannst du auf die ROM- und RAM-Chips der Module zugreifen wie auf Dateien auf einem USB-Laufwerk, und bis zu vier Original-Gamepads anschlie\u00dfen. <\/p>\n<p \/><a name=\"emu\"><\/a><br \/>\n<strong>Ist das nicht dasselbe wie ein Emulator?<\/strong><\/p>\n<p \/>\nDie Retrode ist kein Emulator. Ein Emulator ist eine Software, die den Prozessor und andere Bauteile einer Konsole nachbildet, um Programmcode (&#8222;ROM&#8220;) f\u00fcr das System auszuf\u00fchren. Die Retrode ist eine Schnittstelle zur echten Hardware! Mit ihrer Hilfe kannst du ROMs direkt vom Spielemodul in einen Emulator laden, um sie dann mit richtigen Controllern spielen.<\/p>\n<p \/><a name=\"rom\"><\/a><br \/>\n<strong>Kann ich mit der Retrode die ROMs auf meinen Spielmodulen austauschen?<\/strong><\/p>\n<p \/>\nDie Abk\u00fcrzung &#8222;ROM&#8220; steht f\u00fcr Read-Only Memory, also: leider nein. Die Spiele auf den meisten Modulen k\u00f6nnen gelesen werden, aber nicht \u00fcberschrieben (es sei denn, du tauschst den ganzen Chip aus). Bei vielen Spielemodulen kann die Retrode aber die gespeicherten Spielst\u00e4nde \u00e4ndern.<\/p>\n<p \/><a name=\"piracy\"><\/a><br \/>\n<strong>Kann ich mit der Retrode ROMs auslesen und im Internet verteilen?<\/strong><\/p>\n<p \/>\nJa, aber wir denken, dass das eine dumme Idee w\u00e4re. Zum einen w\u00fcrdest du damit sehr wahrscheinlich eine Urheberrechtsverletzung begehen, was so ziemlich \u00fcberall auf der Welt verboten ist. Zum anderen sind die meisten ROMs ohnehin schon seit ewigen Zeiten auf illegalen Downloadsites zu finden, also was soll&#8217;s. Wir haben die Retrode nicht f\u00fcr Raubkopierer erfunden, sondern f\u00fcr Retro-Fans, die weiterhin viel Spa\u00df mit ihren eigenen Konsolentiteln haben wollen.<\/p>\n<p \/><a name=\"whywant\"><\/a><br \/>\n<strong>Warum will ich eine Retrode?<\/strong><\/p>\n<p \/>\nSchaun wir mal. Vielleicht weil du deine guten alten Videospiele am Computer spielen willst, und zwar v\u00f6llig legal. Oder weil du dich um deine kostbaren Spielst\u00e4nde sorgst, weil die Speicherbatterie nach 20 Jahren auch irgendwann mal leer ist. Vielleicht magst du die Cheating-M\u00f6glichkeiten in den meisten Emulatoren, willst den Endgegner aber lieber auf der richtigen Konsole fertigmachen. Oder du findest es ganz einfach cool, riesige Spielmodule in winzige Smartphones oder Laptops zu stecken. Wenn es dir so geht wie uns, ist von allem etwas dabei \ud83d\ude42<\/p>\n<p>Wenn du den Unterschied zwischen einer privaten Sicherungskopie und einem r0mz-Torrent nicht siehst, bist du wahrscheinlich auch nicht an der Retrode interessiert.<\/p>\n<h3>Allgemeine Fragen<\/h3>\n<p \/><a name=\"reqs\"><\/a><br \/>\n<strong>Was sind die Systemvoraussetzungen?<\/strong><\/p>\n<p \/>\nUm die Retrode zu nutzen, brauchst du ein Ger\u00e4t mit USB-Hostanschluss und einem modernen Betriebssystem (wir haben sie ausf\u00fchrlich getestet unter Linux, Mac OS X und Windows). Wenn das System normale USB-Laufwerke und -Spielecontroller unterst\u00fctzt und du einen passenden Emulator f\u00fcr die Konsole deiner Wahl finden kannst, bist du auf der sicheren Seite.<\/p>\n<p \/><a name=\"clean\"><\/a><br \/>\n<strong>Warum all das Putzen?<\/strong><\/p>\n<p \/>\nWeil so ein 16-bit-Spielemodul typischerweise sehr dreckig ist, ganz besonders wenn es noch nie gereinigt wurde. In der Konsole mag das Spiel scheinbar noch funktionieren, wird aber vielleicht sp\u00e4ter doch abst\u00fcrzen. Ein Emulator l\u00e4dt das ganze ROM auf einen Rutsch in den Speicher und beschwert sich schon vor dem Start, wenn es mal einen Fehler gibt. Wenn du die Kontaktleisten deiner Spiele sch\u00f6n sauber h\u00e4ltst (Wattest\u00e4bchen und Alkohol, solange reiben bis kein Dreck mehr h\u00e4ngenbleibt), bist du immer auf der sicheren Seite.<\/p>\n<p \/><a name=\"accessories\"><\/a><br \/>\n<strong>Unterst\u00fctzt die Retrode spezielle Zubeh\u00f6rartikel (Super Game Boy, 32X, Multitap-Adapter, Lichtpistolen, usw.)?<\/strong><\/p>\n<p \/>\nDie Controlleranschl\u00fcsse der Retrode unterst\u00fctzen ausschlie\u00dflich Standard-SNES- und Sega-Gamepads. Die SNES-Maus funktioniert tats\u00e4chlich am linken Port, ist f\u00fcr heutige Bildschirmaufl\u00f6sungen aber ein wenig lahm.<\/p>\n<p>Was Spieleadapter betrifft, konnten wir nur das Sega 32X erfolgreich testen (ohne eigene Stromversorgung). Andere Adapter wie der Super Game Boy oder die RetroPort-Reihe enthalten komplette Konsolenhardware und reichen die ROM-Daten nicht an die Retrode durch. F\u00fcr diese Systeme sind daher die entsprechenden Plug-in-Adapter zu verwenden, falls verf\u00fcgbar.<\/p>\n<p \/><a name=\"extraChips\"><\/a><br \/>\n<strong>Wie sieht es mit Spielen mit besonderen Chips aus (Super-FX, DSPx, usw.)?<\/strong><\/p>\n<p \/>\nKommt drauf an. Die Super FX und DSPx-Chips von Nintendo beispielsweise bieten nur zus\u00e4tzliche Rechenpower f\u00fcr bestimmte Spiele, und werden von den meisten Emulatoren perfekt nachgebildet. Andere, wie etwa Nintendos SA-1 and S-DD1 und der Virtua Processor von Sega, blockieren den Zugriff der Retrode auf die ROM- und RAM-Chips. Spielmodule mit solchen Chips werden derzeit nicht unterst\u00fctzt.<\/p>\n","protected":false},"excerpt":{"rendered":"<p>Allgemeine Fragen Was ist die Retrode? Ist das nicht dasselbe wie ein Emulator? Kann ich mit der Retrode die ROMs [&hellip;]<\/p>\n","protected":false},"author":1,"featured_media":0,"parent":0,"menu_order":10,"comment_status":"closed","ping_status":"closed","template":"","meta":{"site-sidebar-layout":"default","site-content-layout":"","ast-site-content-layout":"","site-content-style":"default","site-sidebar-style":"default","ast-global-header-display":"","ast-banner-title-visibility":"","ast-main-header-display":"","ast-hfb-above-header-display":"","ast-hfb-below-header-display":"","ast-hfb-mobile-header-display":"","site-post-title":"","ast-breadcrumbs-content":"","ast-featured-img":"","footer-sml-layout":"","theme-transparent-header-meta":"","adv-header-id-meta":"","stick-header-meta":"","header-above-stick-meta":"","header-main-stick-meta":"","header-below-stick-meta":"","astra-migrate-meta-layouts":"default","ast-page-background-enabled":"default","ast-page-background-meta":{"desktop":{"background-color":"var(--ast-global-color-5)","background-image":"","background-repeat":"repeat","background-position":"center center","background-size":"auto","background-attachment":"scroll","background-type":"","background-media":"","overlay-type":"","overlay-color":"","overlay-opacity":"","overlay-gradient":""},"tablet":{"background-color":"","background-image":"","background-repeat":"repeat","background-position":"center center","background-size":"auto","background-attachment":"scroll","background-type":"","background-media":"","overlay-type":"","overlay-color":"","overlay-opacity":"","overlay-gradient":""},"mobile":{"background-color":"","background-image":"","background-repeat":"repeat","background-position":"center center","background-size":"auto","background-attachment":"scroll","background-type":"","background-media":"","overlay-type":"","overlay-color":"","overlay-opacity":"","overlay-gradient":""}},"ast-content-background-meta":{"desktop":{"background-color":"var(--ast-global-color-4)","background-image":"","background-repeat":"repeat","background-position":"center center","background-size":"auto","background-attachment":"scroll","background-type":"","background-media":"","overlay-type":"","overlay-color":"","overlay-opacity":"","overlay-gradient":""},"tablet":{"background-color":"var(--ast-global-color-4)","background-image":"","background-repeat":"repeat","background-position":"center center","background-size":"auto","background-attachment":"scroll","background-type":"","background-media":"","overlay-type":"","overlay-color":"","overlay-opacity":"","overlay-gradient":""},"mobile":{"background-color":"var(--ast-global-color-4)","background-image":"","background-repeat":"repeat","background-position":"center center","background-size":"auto","background-attachment":"scroll","background-type":"","background-media":"","overlay-type":"","overlay-color":"","overlay-opacity":"","overlay-gradient":""}},"footnotes":""},"class_list":["post-56","page","type-page","status-publish","hentry"],"_links":{"self":[{"href":"https:\/\/www.retrode.com\/de\/wp-json\/wp\/v2\/pages\/56","targetHints":{"allow":["GET"]}}],"collection":[{"href":"https:\/\/www.retrode.com\/de\/wp-json\/wp\/v2\/pages"}],"about":[{"href":"https:\/\/www.retrode.com\/de\/wp-json\/wp\/v2\/types\/page"}],"author":[{"embeddable":true,"href":"https:\/\/www.retrode.com\/de\/wp-json\/wp\/v2\/users\/1"}],"replies":[{"embeddable":true,"href":"https:\/\/www.retrode.com\/de\/wp-json\/wp\/v2\/comments?post=56"}],"version-history":[{"count":20,"href":"https:\/\/www.retrode.com\/de\/wp-json\/wp\/v2\/pages\/56\/revisions"}],"predecessor-version":[{"id":324,"href":"https:\/\/www.retrode.com\/de\/wp-json\/wp\/v2\/pages\/56\/revisions\/324"}],"wp:attachment":[{"href":"https:\/\/www.retrode.com\/de\/wp-json\/wp\/v2\/media?parent=56"}],"curies":[{"name":"wp","href":"https:\/\/api.w.org\/{rel}","templated":true}]}}